{"id":378,"date":"2025-03-13T01:00:55","date_gmt":"2025-03-13T01:00:55","guid":{"rendered":"https:\/\/sunpowerpergolas.com\/?page_id=378"},"modified":"2025-03-13T20:20:53","modified_gmt":"2025-03-13T20:20:53","slug":"about-us","status":"publish","type":"page","link":"https:\/\/sunpowerpergolas.com\/es\/about-us\/","title":{"rendered":"Qui\u00e9nes somos"},"content":{"rendered":"<style>.elementor-378 .elementor-element.elementor-element-049f28c{--display:flex;--min-height:446px;--flex-direction:row;--container-widget-width:calc( ( 1 - var( --container-widget-flex-grow ) ) * 100% );--container-widget-height:100%;--container-widget-flex-grow:1;--container-widget-align-self:stretch;--flex-wrap-mobile:wrap;--align-items:stretch;--gap:10px 10px;--row-gap:10px;--column-gap:10px;--overlay-opacity:0.5;}.elementor-378 .elementor-element.elementor-element-049f28c:not(.elementor-motion-effects-element-type-background), .elementor-378 .elementor-element.elementor-element-049f28c > .elementor-motion-effects-container > .elementor-motion-effects-layer{background-image:url(\"https:\/\/sunpowerpergolas.com\/wp-content\/uploads\/2025\/03\/about-1.jpg\");background-position:center center;background-size:cover;}.elementor-378 .elementor-element.elementor-element-049f28c::before, .elementor-378 .elementor-element.elementor-element-049f28c > .elementor-background-video-container::before, .elementor-378 .elementor-element.elementor-element-049f28c > .e-con-inner > .elementor-background-video-container::before, .elementor-378 .elementor-element.elementor-element-049f28c > .elementor-background-slideshow::before, .elementor-378 .elementor-element.elementor-element-049f28c > .e-con-inner > .elementor-background-slideshow::before, .elementor-378 .elementor-element.elementor-element-049f28c > .elementor-motion-effects-container > .elementor-motion-effects-layer::before{background-color:#000000;--background-overlay:'';}.elementor-378 .elementor-element.elementor-element-aca790c{--display:flex;--justify-content:center;}.elementor-378 .elementor-element.elementor-element-fda1b2b{text-align:center;}.elementor-378 .elementor-element.elementor-element-fda1b2b .elementor-heading-title{font-family:var( --e-global-typography-secondary-font-family ), Sans-serif;font-size:var( --e-global-typography-secondary-font-size );font-weight:var( --e-global-typography-secondary-font-weight );text-transform:var( --e-global-typography-secondary-text-transform );line-height:var( --e-global-typography-secondary-line-height );letter-spacing:var( --e-global-typography-secondary-letter-spacing );color:var( --e-global-color-a567df4 );}.elementor-378 .elementor-element.elementor-element-259dc73{--display:flex;--flex-direction:row;--container-widget-width:calc( ( 1 - var( --container-widget-flex-grow ) ) * 100% );--container-widget-height:100%;--container-widget-flex-grow:1;--container-widget-align-self:stretch;--flex-wrap-mobile:wrap;--align-items:stretch;--gap:050px 50px;--row-gap:050px;--column-gap:50px;--padding-top:7em;--padding-bottom:7em;--padding-left:0em;--padding-right:0em;}.elementor-378 .elementor-element.elementor-element-259dc73:not(.elementor-motion-effects-element-type-background), .elementor-378 .elementor-element.elementor-element-259dc73 > .elementor-motion-effects-container > .elementor-motion-effects-layer{background-color:var( --e-global-color-a567df4 );}.elementor-378 .elementor-element.elementor-element-9752f50{--display:flex;--justify-content:center;--margin-top:0px;--margin-bottom:0px;--margin-left:75px;--margin-right:0px;}.elementor-378 .elementor-element.elementor-element-f809f37 .elementor-heading-title{font-family:var( --e-global-typography-secondary-font-family ), Sans-serif;font-size:var( --e-global-typography-secondary-font-size );font-weight:var( --e-global-typography-secondary-font-weight );text-transform:var( --e-global-typography-secondary-text-transform );line-height:var( --e-global-typography-secondary-line-height );letter-spacing:var( --e-global-typography-secondary-letter-spacing );color:var( --e-global-color-primary );}.elementor-378 .elementor-element.elementor-element-359baf0{width:var( --container-widget-width, 90% );max-width:90%;--container-widget-width:90%;--container-widget-flex-grow:0;font-family:var( --e-global-typography-text-font-family ), Sans-serif;font-size:var( --e-global-typography-text-font-size );font-weight:var( --e-global-typography-text-font-weight );text-transform:var( --e-global-typography-text-text-transform );line-height:var( --e-global-typography-text-line-height );letter-spacing:var( --e-global-typography-text-letter-spacing );color:var( --e-global-color-primary );}.elementor-378 .elementor-element.elementor-element-359baf0 > .elementor-widget-container{margin:10px 0px 0px 0px;}.elementor-378 .elementor-element.elementor-element-fb93bf1{--display:flex;--flex-direction:row;--container-widget-width:calc( ( 1 - var( --container-widget-flex-grow ) ) * 100% );--container-widget-height:100%;--container-widget-flex-grow:1;--container-widget-align-self:stretch;--flex-wrap-mobile:wrap;--justify-content:center;--align-items:center;}.elementor-378 .elementor-element.elementor-element-fb93bf1:not(.elementor-motion-effects-element-type-background), .elementor-378 .elementor-element.elementor-element-fb93bf1 > .elementor-motion-effects-container > .elementor-motion-effects-layer{background-image:url(\"https:\/\/sunpowerpergolas.com\/wp-content\/uploads\/2025\/03\/reneable.jpg\");background-position:center center;background-size:cover;}.elementor-378 .elementor-element.elementor-element-b4ec1dc img{width:50%;}:root{--page-title-display:none;}@media(min-width:768px){.elementor-378 .elementor-element.elementor-element-259dc73{--content-width:1280px;}.elementor-378 .elementor-element.elementor-element-9752f50{--width:39%;}.elementor-378 .elementor-element.elementor-element-fb93bf1{--width:50%;}}@media(max-width:1366px){.elementor-378 .elementor-element.elementor-element-fda1b2b .elementor-heading-title{font-size:var( --e-global-typography-secondary-font-size );line-height:var( --e-global-typography-secondary-line-height );letter-spacing:var( --e-global-typography-secondary-letter-spacing );}.elementor-378 .elementor-element.elementor-element-f809f37 .elementor-heading-title{font-size:var( --e-global-typography-secondary-font-size );line-height:var( --e-global-typography-secondary-line-height );letter-spacing:var( --e-global-typography-secondary-letter-spacing );}.elementor-378 .elementor-element.elementor-element-359baf0{font-size:var( --e-global-typography-text-font-size );line-height:var( --e-global-typography-text-line-height );letter-spacing:var( --e-global-typography-text-letter-spacing );}}@media(max-width:1024px){.elementor-378 .elementor-element.elementor-element-fda1b2b .elementor-heading-title{font-size:var( --e-global-typography-secondary-font-size );line-height:var( --e-global-typography-secondary-line-height );letter-spacing:var( --e-global-typography-secondary-letter-spacing );}.elementor-378 .elementor-element.elementor-element-9752f50{--margin-top:0px;--margin-bottom:0px;--margin-left:0px;--margin-right:0px;}.elementor-378 .elementor-element.elementor-element-f809f37 .elementor-heading-title{font-size:var( --e-global-typography-secondary-font-size );line-height:var( --e-global-typography-secondary-line-height );letter-spacing:var( --e-global-typography-secondary-letter-spacing );}.elementor-378 .elementor-element.elementor-element-359baf0{font-size:var( --e-global-typography-text-font-size );line-height:var( --e-global-typography-text-line-height );letter-spacing:var( --e-global-typography-text-letter-spacing );}}@media(max-width:767px){.elementor-378 .elementor-element.elementor-element-fda1b2b{text-align:center;}.elementor-378 .elementor-element.elementor-element-fda1b2b .elementor-heading-title{font-size:var( --e-global-typography-secondary-font-size );line-height:var( --e-global-typography-secondary-line-height );letter-spacing:var( --e-global-typography-secondary-letter-spacing );}.elementor-378 .elementor-element.elementor-element-259dc73{--margin-top:0px;--margin-bottom:0px;--margin-left:0px;--margin-right:0px;--padding-top:3em;--padding-bottom:0em;--padding-left:0em;--padding-right:0em;}.elementor-378 .elementor-element.elementor-element-f809f37 .elementor-heading-title{font-size:var( --e-global-typography-secondary-font-size );line-height:var( --e-global-typography-secondary-line-height );letter-spacing:var( --e-global-typography-secondary-letter-spacing );}.elementor-378 .elementor-element.elementor-element-359baf0{--container-widget-width:100%;--container-widget-flex-grow:0;width:var( --container-widget-width, 100% );max-width:100%;font-size:var( --e-global-typography-text-font-size );line-height:var( --e-global-typography-text-line-height );letter-spacing:var( --e-global-typography-text-letter-spacing );}}<\/style>\t\t<div data-elementor-type=\"wp-page\" data-elementor-id=\"378\" class=\"elementor elementor-378\" data-elementor-post-type=\"page\">\n\t\t\t\t<div class=\"elementor-element elementor-element-049f28c e-flex e-con-boxed e-con e-parent\" data-id=\"049f28c\" data-element_type=\"container\" data-settings=\"{&quot;background_background&quot;:&quot;classic&quot;}\">\n\t\t\t\t\t<div class=\"e-con-inner\">\n\t\t<div class=\"elementor-element elementor-element-aca790c e-con-full e-flex e-con e-child\" data-id=\"aca790c\" data-element_type=\"container\">\n\t\t\t\t<div class=\"elementor-element elementor-element-fda1b2b elementor-invisible elementor-widget elementor-widget-heading\" data-id=\"fda1b2b\" data-element_type=\"widget\" data-settings=\"{&quot;_animation&quot;:&quot;fadeInUp&quot;,&quot;_animation_delay&quot;:200}\" data-widget_type=\"heading.default\">\n\t\t\t\t<div class=\"elementor-widget-container\">\n\t\t\t\t\t<h2 class=\"elementor-heading-title elementor-size-default\">Qui\u00e9nes somos<\/h2>\t\t\t\t<\/div>\n\t\t\t\t<\/div>\n\t\t\t\t<\/div>\n\t\t\t\t\t<\/div>\n\t\t\t\t<\/div>\n\t\t<div class=\"elementor-element elementor-element-259dc73 e-flex e-con-boxed e-con e-parent\" data-id=\"259dc73\" data-element_type=\"container\" data-settings=\"{&quot;background_background&quot;:&quot;classic&quot;}\">\n\t\t\t\t\t<div class=\"e-con-inner\">\n\t\t<div class=\"elementor-element elementor-element-9752f50 e-con-full e-flex e-con e-child\" data-id=\"9752f50\" data-element_type=\"container\">\n\t\t\t\t<div class=\"elementor-element elementor-element-f809f37 elementor-invisible elementor-widget elementor-widget-heading\" data-id=\"f809f37\" data-element_type=\"widget\" data-settings=\"{&quot;_animation&quot;:&quot;fadeInUp&quot;,&quot;_animation_delay&quot;:200}\" data-widget_type=\"heading.default\">\n\t\t\t\t<div class=\"elementor-widget-container\">\n\t\t\t\t\t<h2 class=\"elementor-heading-title elementor-size-default\">Acerca de Sun Power Pergolas<\/h2>\t\t\t\t<\/div>\n\t\t\t\t<\/div>\n\t\t\t\t<div class=\"elementor-element elementor-element-359baf0 elementor-widget__width-initial elementor-invisible elementor-widget elementor-widget-text-editor\" data-id=\"359baf0\" data-element_type=\"widget\" data-settings=\"{&quot;_animation&quot;:&quot;fadeInUp&quot;,&quot;_animation_delay&quot;:250}\" data-widget_type=\"text-editor.default\">\n\t\t\t\t<div class=\"elementor-widget-container\">\n\t\t\t\t\t\t\t\t\t<p>En Sun Power Pergolas somos especialistas en la creaci\u00f3n de p\u00e9rgolas solares que combinan dise\u00f1o, confort y sostenibilidad. Nuestras estructuras proporcionan sombra, elegancia y energ\u00eda limpia, ayudando a los propietarios de viviendas y a las empresas a reducir los costes de electricidad a la vez que mejoran los espacios exteriores.<\/p><p><strong>\u00bfPor qu\u00e9 elegirnos?<\/strong><\/p><p><strong>Ahorra en la factura de la luz con la tecnolog\u00eda solar.<\/strong><\/p><p><strong>Dise\u00f1os de p\u00e9rgolas elegantes y funcionales.<\/strong><\/p><p><strong>Materiales duraderos y de alta calidad para un uso prolongado.<\/strong><\/p><p><strong>Soluciones ecol\u00f3gicas para un futuro sostenible.<\/strong><\/p><p>Estamos orgullosos de colaborar con Powur y Sunnergy USA para ofrecer soluciones solares integrales, incluida la instalaci\u00f3n de paneles solares en tejados.<\/p>\t\t\t\t\t\t\t\t<\/div>\n\t\t\t\t<\/div>\n\t\t\t\t<\/div>\n\t\t<div class=\"elementor-element elementor-element-fb93bf1 e-con-full e-flex e-con e-child\" data-id=\"fb93bf1\" data-element_type=\"container\" data-settings=\"{&quot;background_background&quot;:&quot;classic&quot;}\">\n\t\t\t\t<div class=\"elementor-element elementor-element-b4ec1dc elementor-widget elementor-widget-image\" data-id=\"b4ec1dc\" data-element_type=\"widget\" data-widget_type=\"image.default\">\n\t\t\t\t<div class=\"elementor-widget-container\">\n\t\t\t\t\t\t\t\t\t\t\t\t\t\t\t<img fetchpriority=\"high\" decoding=\"async\" width=\"444\" height=\"423\" src=\"https:\/\/sunpowerpergolas.com\/wp-content\/uploads\/2025\/03\/logo-sunpowerpergola.png\" class=\"attachment-large size-large wp-image-140\" alt=\"\" srcset=\"https:\/\/sunpowerpergolas.com\/wp-content\/uploads\/2025\/03\/logo-sunpowerpergola.png 444w, https:\/\/sunpowerpergolas.com\/wp-content\/uploads\/2025\/03\/logo-sunpowerpergola-300x286.png 300w\" sizes=\"(max-width: 444px) 100vw, 444px\" \/>\t\t\t\t\t\t\t\t\t\t\t\t\t\t\t<\/div>\n\t\t\t\t<\/div>\n\t\t\t\t<\/div>\n\t\t\t\t\t<\/div>\n\t\t\t\t<\/div>\n\t\t\t\t<\/div>","protected":false},"excerpt":{"rendered":"<p>Acerca de Sun Power Pergolas En Sun Power Pergolas somos especialistas en la creaci\u00f3n de p\u00e9rgolas solares que combinan dise\u00f1o, confort y sostenibilidad. Nuestras estructuras proporcionan sombra, elegancia y energ\u00eda limpia, ayudando a los propietarios de viviendas y empresas a reducir los costes de electricidad a la vez que mejoran los espacios exteriores. \u00bfPor qu\u00e9 elegirnos? Ahorre en la factura de la luz gracias a la tecnolog\u00eda solar. Dise\u00f1os de p\u00e9rgolas elegantes y funcionales. Duraderas, [...]<\/p>","protected":false},"author":1,"featured_media":0,"parent":0,"menu_order":0,"comment_status":"closed","ping_status":"closed","template":"","meta":{"footnotes":""},"class_list":["post-378","page","type-page","status-publish","hentry"],"_links":{"self":[{"href":"https:\/\/sunpowerpergolas.com\/es\/wp-json\/wp\/v2\/pages\/378","targetHints":{"allow":["GET"]}}],"collection":[{"href":"https:\/\/sunpowerpergolas.com\/es\/wp-json\/wp\/v2\/pages"}],"about":[{"href":"https:\/\/sunpowerpergolas.com\/es\/wp-json\/wp\/v2\/types\/page"}],"author":[{"embeddable":true,"href":"https:\/\/sunpowerpergolas.com\/es\/wp-json\/wp\/v2\/users\/1"}],"replies":[{"embeddable":true,"href":"https:\/\/sunpowerpergolas.com\/es\/wp-json\/wp\/v2\/comments?post=378"}],"version-history":[{"count":13,"href":"https:\/\/sunpowerpergolas.com\/es\/wp-json\/wp\/v2\/pages\/378\/revisions"}],"predecessor-version":[{"id":564,"href":"https:\/\/sunpowerpergolas.com\/es\/wp-json\/wp\/v2\/pages\/378\/revisions\/564"}],"wp:attachment":[{"href":"https:\/\/sunpowerpergolas.com\/es\/wp-json\/wp\/v2\/media?parent=378"}],"curies":[{"name":"wp","href":"https:\/\/api.w.org\/{rel}","templated":true}]}}